{"id":3268,"date":"2022-05-13T06:46:41","date_gmt":"2022-05-13T06:46:41","guid":{"rendered":"https:\/\/tplabs.co\/wanzor\/?page_id=3268"},"modified":"2024-12-04T21:42:46","modified_gmt":"2024-12-04T20:42:46","slug":"about","status":"publish","type":"page","link":"https:\/\/www.lanrel.eu\/pl\/about\/","title":{"rendered":"O nas"},"content":{"rendered":"<div data-elementor-type=\"wp-page\" data-elementor-id=\"3268\" class=\"elementor elementor-3268\" data-elementor-post-type=\"page\">\n\t\t\t\t\t\t<section class=\"elementor-section elementor-top-section elementor-element elementor-element-47c7d14 elementor-section-full_width elementor-section-stretched elementor-section-height-default elementor-section-height-default\" data-id=\"47c7d14\" data-element_type=\"section\" data-settings=\"{&quot;stretch_section&quot;:&quot;section-stretched&quot;}\">\n\t\t\t\t\t\t<div class=\"elementor-container elementor-column-gap-no\">\n\t\t\t\t\t<div class=\"elementor-column elementor-col-100 elementor-top-column elementor-element elementor-element-5dd2141\" data-id=\"5dd2141\" data-element_type=\"column\">\n\t\t\t<div class=\"elementor-widget-wrap elementor-element-populated\">\n\t\t\t\t\t\t<div class=\"elementor-element elementor-element-6a0cb6e elementor-widget__width-initial elementor-absolute image-width-full elementor-widget elementor-widget-mae-gallery-stack\" data-id=\"6a0cb6e\" data-element_type=\"widget\" data-settings=\"{&quot;_position&quot;:&quot;absolute&quot;}\" data-widget_type=\"mae-gallery-stack.default\">\n\t\t\t\t<div class=\"elementor-widget-container\">\n\t\t\t\t\t<div class=\"master-gallery-stack\">\n\t\t\t<div class=\"master-fancy-image elementor-repeater-item-5aaf4ad\" data-top=\"0px\" data-parallax='{\"x\" : 0, \"y\" : -60, \"smoothness\" : 30}' data-calcheight=\"no\">\n\t\t\t\t\t\t\t\t\t<div class=\"image-wrap\"><img decoding=\"async\" width=\"169\" height=\"156\" src=\"https:\/\/www.lanrel.eu\/wp-content\/uploads\/2022\/05\/bone.png\" class=\"attachment-full size-full\" alt=\"\" \/><\/div>\n\t\t\t\t\t\t\t\t<\/div>\t\t<\/div>\n\t    \t\t<\/div>\n\t\t\t\t<\/div>\n\t\t\t\t<div class=\"elementor-element elementor-element-31db980 elementor-widget__width-initial elementor-absolute image-width-full elementor-widget elementor-widget-mae-gallery-stack\" data-id=\"31db980\" data-element_type=\"widget\" data-settings=\"{&quot;_position&quot;:&quot;absolute&quot;}\" data-widget_type=\"mae-gallery-stack.default\">\n\t\t\t\t<div class=\"elementor-widget-container\">\n\t\t\t\t\t<div class=\"master-gallery-stack\">\n\t\t\t<div class=\"master-fancy-image elementor-repeater-item-5aaf4ad\" data-top=\"0px\" data-parallax='{\"x\" : 0, \"y\" : -40, \"smoothness\" : 30}' data-calcheight=\"no\">\n\t\t\t\t\t\t\t\t\t<div class=\"image-wrap\"><img fetchpriority=\"high\" decoding=\"async\" width=\"281\" height=\"227\" src=\"https:\/\/www.lanrel.eu\/wp-content\/uploads\/2022\/05\/dog.png\" class=\"attachment-full size-full\" alt=\"\" \/><\/div>\n\t\t\t\t\t\t\t\t<\/div>\t\t<\/div>\n\t    \t\t<\/div>\n\t\t\t\t<\/div>\n\t\t\t\t<div class=\"elementor-element elementor-element-b3356e7 elementor-widget__width-initial elementor-absolute align-right image-width-full elementor-widget elementor-widget-mae-gallery-stack\" data-id=\"b3356e7\" data-element_type=\"widget\" data-settings=\"{&quot;_position&quot;:&quot;absolute&quot;}\" data-widget_type=\"mae-gallery-stack.default\">\n\t\t\t\t<div class=\"elementor-widget-container\">\n\t\t\t\t\t<div class=\"master-gallery-stack\">\n\t\t\t<div class=\"master-fancy-image elementor-repeater-item-5aaf4ad\" data-top=\"0px\" data-parallax='{\"x\" : 0, \"y\" : -80, \"smoothness\" : 30}' data-calcheight=\"no\">\n\t\t\t\t\t\t\t\t\t<div class=\"image-wrap\"><img decoding=\"async\" width=\"883\" height=\"1443\" src=\"https:\/\/www.lanrel.eu\/wp-content\/uploads\/2022\/05\/bg-blob.png\" class=\"attachment-full size-full\" alt=\"\" srcset=\"https:\/\/www.lanrel.eu\/wp-content\/uploads\/2022\/05\/bg-blob.png 883w, https:\/\/www.lanrel.eu\/wp-content\/uploads\/2022\/05\/bg-blob-600x981.png 600w, https:\/\/www.lanrel.eu\/wp-content\/uploads\/2022\/05\/bg-blob-184x300.png 184w, https:\/\/www.lanrel.eu\/wp-content\/uploads\/2022\/05\/bg-blob-627x1024.png 627w, https:\/\/www.lanrel.eu\/wp-content\/uploads\/2022\/05\/bg-blob-768x1255.png 768w\" sizes=\"(max-width: 883px) 100vw, 883px\" \/><\/div>\n\t\t\t\t\t\t\t\t<\/div>\t\t<\/div>\n\t    \t\t<\/div>\n\t\t\t\t<\/div>\n\t\t\t\t<div class=\"elementor-element elementor-element-f351ed5 elementor-widget elementor-widget-spacer\" data-id=\"f351ed5\" data-element_type=\"widget\" data-widget_type=\"spacer.default\">\n\t\t\t\t<div class=\"elementor-widget-container\">\n\t\t\t\t\t<div class=\"elementor-spacer\">\n\t\t\t<div class=\"elementor-spacer-inner\"><\/div>\n\t\t<\/div>\n\t\t\t\t<\/div>\n\t\t\t\t<\/div>\n\t\t\t\t<section class=\"elementor-section elementor-inner-section elementor-element elementor-element-36df6fe elementor-section-boxed elementor-section-height-default elementor-section-height-default\" data-id=\"36df6fe\" data-element_type=\"section\">\n\t\t\t\t\t\t<div class=\"elementor-container elementor-column-gap-default\">\n\t\t\t\t\t<div class=\"elementor-column elementor-col-50 elementor-inner-column elementor-element elementor-element-a5f584c elementor-invisible\" data-id=\"a5f584c\" data-element_type=\"column\" data-settings=\"{&quot;animation&quot;:&quot;fadeInUpSmall&quot;,&quot;animation_delay&quot;:300}\">\n\t\t\t<div class=\"elementor-widget-wrap elementor-element-populated\">\n\t\t\t\t\t\t<div class=\"elementor-element elementor-element-a4ede86 align-left icon-default elementor-widget elementor-widget-mae-icon-text\" data-id=\"a4ede86\" data-element_type=\"widget\" data-widget_type=\"mae-icon-text.default\">\n\t\t\t\t<div class=\"elementor-widget-container\">\n\t\t\t\n\t\t<div class=\"master-icon-text\">\n\t        <div class=\"icon-wrap\">\n\t\t        <svg aria-hidden=\"true\" class=\"e-font-icon-svg e-fas-dog\" viewbox=\"0 0 576 512\" xmlns=\"http:\/\/www.w3.org\/2000\/svg\"><path d=\"M298.06,224,448,277.55V496a16,16,0,0,1-16,16H368a16,16,0,0,1-16-16V384H192V496a16,16,0,0,1-16,16H112a16,16,0,0,1-16-16V282.09C58.84,268.84,32,233.66,32,192a32,32,0,0,1,64,0,32.06,32.06,0,0,0,32,32ZM544,112v32a64,64,0,0,1-64,64H448v35.58L320,197.87V48c0-14.25,17.22-21.39,27.31-11.31L374.59,64h53.63c10.91,0,23.75,7.92,28.62,17.69L464,96h64A16,16,0,0,1,544,112Zm-112,0a16,16,0,1,0-16,16A16,16,0,0,0,432,112Z\"><\/path><\/svg>\t        <\/div> \n\n\t        <div class=\"content-wrap\">\n\t            O nas\t        <\/div>\n\t    <\/div>\n\n\t    \t\t<\/div>\n\t\t\t\t<\/div>\n\t\t\t\t<div class=\"elementor-element elementor-element-e84a3dd align-left heading-default elementor-widget elementor-widget-mae-headings\" data-id=\"e84a3dd\" data-element_type=\"widget\" data-widget_type=\"mae-headings.default\">\n\t\t\t\t<div class=\"elementor-widget-container\">\n\t\t\t\t\t<div class=\"master-heading sep-none\">\n\t\t\t\t        \n\t        \n\t        \t        <h2 class=\"main-heading\">LANREL SP. Z O.O. <\/h2>\n\t        \n\t        \n\t        \t    <\/div>\n\t    \t\t<\/div>\n\t\t\t\t<\/div>\n\t\t\t\t<div class=\"elementor-element elementor-element-90d8660 elementor-widget elementor-widget-text-editor\" data-id=\"90d8660\" data-element_type=\"widget\" data-widget_type=\"text-editor.default\">\n\t\t\t\t<div class=\"elementor-widget-container\">\n\t\t\t\t\t\t\t<p><span style=\"color: #808080;\">LANREL SP. Z O.O. to mi\u0119dzynarodowa firma zajmuj\u0105ca si\u0119 handlem karm\u0105 i artyku\u0142ami dla zwierz\u0105t domowych. Naszym celem jest dostarczanie wysokiej jako\u015bci karmy dla zwierz\u0105t domowych i powi\u0105zanych produkt\u00f3w wiod\u0105cych \u015bwiatowych marek. Utrzymujemy dobre relacje z naszymi klientami i stale rozwijamy produkty, aby sprosta\u0107 potrzebom rynku.Jeste\u015bmy importerami i dystrybutorami nast\u0119puj\u0105cych marek:\nFUKUMARU\u3001Burgess pet care\u3001schweizer\u3001Natural Trail.<\/span><\/p>\t\t\t\t\t\t<\/div>\n\t\t\t\t<\/div>\n\t\t\t\t<div class=\"elementor-element elementor-element-13d30be elementor-widget elementor-widget-text-editor\" data-id=\"13d30be\" data-element_type=\"widget\" data-widget_type=\"text-editor.default\">\n\t\t\t\t<div class=\"elementor-widget-container\">\n\t\t\t\t\t\t\t<p><span style=\"color: #808080;\">Zapewniamy klientom szybk\u0105 reakcj\u0119 na zam\u00f3wienia, wysokiej jako\u015bci obs\u0142ug\u0119 posprzeda\u017cow\u0105, silny zesp\u00f3\u0142 magazynowo-logistyczny oraz zapewniamy klientom logistyk\u0119 i transport obejmuj\u0105cy UE i \u015bwiat. Us\u0142ugi OEM s\u0105 r\u00f3wnie\u017c \u015bwiadczone w celu zaspokojenia r\u00f3\u017cnych potrzeb klient\u00f3w.<\/span><\/p>\t\t\t\t\t\t<\/div>\n\t\t\t\t<\/div>\n\t\t\t\t\t<\/div>\n\t\t<\/div>\n\t\t\t\t<div class=\"elementor-column elementor-col-50 elementor-inner-column elementor-element elementor-element-58d7549\" data-id=\"58d7549\" data-element_type=\"column\">\n\t\t\t<div class=\"elementor-widget-wrap elementor-element-populated\">\n\t\t\t\t\t\t<div class=\"elementor-element elementor-element-c718644 image-width-full elementor-invisible elementor-widget elementor-widget-mae-gallery-stack\" data-id=\"c718644\" data-element_type=\"widget\" data-settings=\"{&quot;_animation&quot;:&quot;fadeInRightSmall&quot;,&quot;_animation_delay&quot;:300}\" data-widget_type=\"mae-gallery-stack.default\">\n\t\t\t\t<div class=\"elementor-widget-container\">\n\t\t\t\t\t<div class=\"master-gallery-stack\">\n\t\t\t<div class=\"master-fancy-image elementor-repeater-item-d77b97d\" data-top=\"0px\" data-calcheight=\"no\">\n\t\t\t\t\t\t\t\t\t\t<div class=\"image-wrap\"><img loading=\"lazy\" decoding=\"async\" width=\"2361\" height=\"1710\" src=\"https:\/\/www.lanrel.eu\/wp-content\/uploads\/2024\/09\/fukumaru-product-catalog_page3_image.png\" class=\"attachment-full size-full\" alt=\"\" srcset=\"https:\/\/www.lanrel.eu\/wp-content\/uploads\/2024\/09\/fukumaru-product-catalog_page3_image.png 2361w, https:\/\/www.lanrel.eu\/wp-content\/uploads\/2024\/09\/fukumaru-product-catalog_page3_image-600x435.png 600w\" sizes=\"(max-width: 2361px) 100vw, 2361px\" \/><\/div>\n\t\t\t\t\t\t\t\t\t<\/div><div class=\"master-fancy-image elementor-repeater-item-e8eb148\" data-top=\"0px\" data-parallax='{\"x\" : 0, \"y\" : -30, \"smoothness\" : 30}' data-calcheight=\"no\">\n\t\t\t\t\t\t\t\t\t<div class=\"image-wrap\"><img loading=\"lazy\" decoding=\"async\" width=\"574\" height=\"556\" src=\"https:\/\/www.lanrel.eu\/wp-content\/uploads\/2022\/05\/blob-11.png\" class=\"attachment-full size-full\" alt=\"\" srcset=\"https:\/\/www.lanrel.eu\/wp-content\/uploads\/2022\/05\/blob-11.png 574w, https:\/\/www.lanrel.eu\/wp-content\/uploads\/2022\/05\/blob-11-300x291.png 300w\" sizes=\"(max-width: 574px) 100vw, 574px\" \/><\/div>\n\t\t\t\t\t\t\t\t<\/div><div class=\"master-fancy-image elementor-repeater-item-4019d92\" data-top=\"0px\" data-parallax='{\"x\" : 0, \"y\" : -20, \"smoothness\" : 30}' data-calcheight=\"no\">\n\t\t\t\t\t\t\t\t\t<div class=\"image-wrap\"><img loading=\"lazy\" decoding=\"async\" width=\"105\" height=\"81\" src=\"https:\/\/www.lanrel.eu\/wp-content\/uploads\/2022\/05\/blob-12.png\" class=\"attachment-full size-full\" alt=\"\" \/><\/div>\n\t\t\t\t\t\t\t\t<\/div><div class=\"master-shape elementor-repeater-item-a3ae663\"><\/div>\t\t<\/div>\n\t    \t\t<\/div>\n\t\t\t\t<\/div>\n\t\t\t\t\t<\/div>\n\t\t<\/div>\n\t\t\t\t\t<\/div>\n\t\t<\/section>\n\t\t\t\t<div class=\"elementor-element elementor-element-f0f5fb5 elementor-widget elementor-widget-spacer\" data-id=\"f0f5fb5\" data-element_type=\"widget\" data-widget_type=\"spacer.default\">\n\t\t\t\t<div class=\"elementor-widget-container\">\n\t\t\t\t\t<div class=\"elementor-spacer\">\n\t\t\t<div class=\"elementor-spacer-inner\"><\/div>\n\t\t<\/div>\n\t\t\t\t<\/div>\n\t\t\t\t<\/div>\n\t\t\t\t<div class=\"elementor-element elementor-element-a6bd927 elementor-widget elementor-widget-spacer\" data-id=\"a6bd927\" data-element_type=\"widget\" data-widget_type=\"spacer.default\">\n\t\t\t\t<div class=\"elementor-widget-container\">\n\t\t\t\t\t<div class=\"elementor-spacer\">\n\t\t\t<div class=\"elementor-spacer-inner\"><\/div>\n\t\t<\/div>\n\t\t\t\t<\/div>\n\t\t\t\t<\/div>\n\t\t\t\t\t<\/div>\n\t\t<\/div>\n\t\t\t\t\t<\/div>\n\t\t<\/section>\n\t\t\t\t<\/div>","protected":false},"excerpt":{"rendered":"<p>About us LANREL SP. Z O.O. LANREL SP. Z O.O.\u00a0 is an international pet food and supply trading company, distribution and other businesses. We are committed to sharing healthy, delicious and high-quality food and products for pets. We maintain good relationships with our customers and continuously develop our products to<\/p>","protected":false},"author":1,"featured_media":0,"parent":0,"menu_order":0,"comment_status":"closed","ping_status":"closed","template":"","meta":{"om_disable_all_campaigns":false,"inline_featured_image":false,"footnotes":""},"class_list":["post-3268","page","type-page","status-publish","hentry"],"_links":{"self":[{"href":"https:\/\/www.lanrel.eu\/pl\/wp-json\/wp\/v2\/pages\/3268","targetHints":{"allow":["GET"]}}],"collection":[{"href":"https:\/\/www.lanrel.eu\/pl\/wp-json\/wp\/v2\/pages"}],"about":[{"href":"https:\/\/www.lanrel.eu\/pl\/wp-json\/wp\/v2\/types\/page"}],"author":[{"embeddable":true,"href":"https:\/\/www.lanrel.eu\/pl\/wp-json\/wp\/v2\/users\/1"}],"replies":[{"embeddable":true,"href":"https:\/\/www.lanrel.eu\/pl\/wp-json\/wp\/v2\/comments?post=3268"}],"version-history":[{"count":25,"href":"https:\/\/www.lanrel.eu\/pl\/wp-json\/wp\/v2\/pages\/3268\/revisions"}],"predecessor-version":[{"id":5998,"href":"https:\/\/www.lanrel.eu\/pl\/wp-json\/wp\/v2\/pages\/3268\/revisions\/5998"}],"wp:attachment":[{"href":"https:\/\/www.lanrel.eu\/pl\/wp-json\/wp\/v2\/media?parent=3268"}],"curies":[{"name":"wp","href":"https:\/\/api.w.org\/{rel}","templated":true}]}}